{"id":923,"date":"2026-01-22T14:08:46","date_gmt":"2026-01-22T14:08:46","guid":{"rendered":"https:\/\/brenal.hosting24.pl\/26\/?page_id=923"},"modified":"2026-02-27T11:38:24","modified_gmt":"2026-02-27T11:38:24","slug":"contact","status":"publish","type":"page","link":"https:\/\/brenal.com\/pl\/contact\/","title":{"rendered":"Kontakt"},"content":{"rendered":"<div data-elementor-type=\"wp-page\" data-elementor-id=\"923\" class=\"elementor elementor-923\" data-elementor-post-type=\"page\">\n\t\t\t\t<div class=\"elementor-element elementor-element-fe5f589 e-con-full e-flex e-con e-parent\" data-id=\"fe5f589\" data-element_type=\"container\" data-e-type=\"container\">\n\t\t\t\t<\/div>\n\t\t<div class=\"elementor-element elementor-element-56768fe e-flex e-con-boxed e-con e-parent\" data-id=\"56768fe\" data-element_type=\"container\" data-e-type=\"container\">\n\t\t\t\t\t<div class=\"e-con-inner\">\n\t\t\t\t<div class=\"elementor-element elementor-element-27929c3 elementor-widget elementor-widget-spacer\" data-id=\"27929c3\" data-element_type=\"widget\" data-e-type=\"widget\" data-widget_type=\"spacer.default\">\n\t\t\t\t\t\t\t<div class=\"elementor-spacer\">\n\t\t\t<div class=\"elementor-spacer-inner\"><\/div>\n\t\t<\/div>\n\t\t\t\t\t\t<\/div>\n\t\t\t\t<div class=\"elementor-element elementor-element-1ef5acc elementor-widget elementor-widget-heading\" data-id=\"1ef5acc\" data-element_type=\"widget\" data-e-type=\"widget\" data-widget_type=\"heading.default\">\n\t\t\t\t\t<h2 class=\"elementor-heading-title elementor-size-default\">Kontakt<\/h2>\t\t\t\t<\/div>\n\t\t\t\t\t<\/div>\n\t\t\t\t<\/div>\n\t\t<div class=\"elementor-element elementor-element-29a6db0 e-flex e-con-boxed e-con e-parent\" data-id=\"29a6db0\" data-element_type=\"container\" data-e-type=\"container\">\n\t\t\t\t\t<div class=\"e-con-inner\">\n\t\t\t\t<div class=\"elementor-element elementor-element-ebe93fa elementor-widget elementor-widget-text-editor\" data-id=\"ebe93fa\" data-element_type=\"widget\" data-e-type=\"widget\" data-widget_type=\"text-editor.default\">\n\t\t\t\t\t\t\t\t\t<p>Zale\u017cy nam na bezpo\u015brednim i otwartym kontakcie z naszymi klientami oraz partnerami. Prosimy o wyb\u00f3r odpowiedniego dzia\u0142u, aby\u015bmy mogli sprawnie i skutecznie odpowiedzie\u0107 na Pa\u0144stwa potrzeby.<\/p>\t\t\t\t\t\t\t\t<\/div>\n\t\t\t\t\t<\/div>\n\t\t\t\t<\/div>\n\t\t<div class=\"elementor-element elementor-element-6977283 e-flex e-con-boxed e-con e-parent\" data-id=\"6977283\" data-element_type=\"container\" data-e-type=\"container\">\n\t\t\t\t\t<div class=\"e-con-inner\">\n\t\t\t\t<div class=\"elementor-element elementor-element-9468b84 elementor-widget elementor-widget-spacer\" data-id=\"9468b84\" data-element_type=\"widget\" data-e-type=\"widget\" data-widget_type=\"spacer.default\">\n\t\t\t\t\t\t\t<div class=\"elementor-spacer\">\n\t\t\t<div class=\"elementor-spacer-inner\"><\/div>\n\t\t<\/div>\n\t\t\t\t\t\t<\/div>\n\t\t\t\t\t<\/div>\n\t\t\t\t<\/div>\n\t\t<div class=\"elementor-element elementor-element-9a7a1cb e-flex e-con-boxed e-con e-parent\" data-id=\"9a7a1cb\" data-element_type=\"container\" data-e-type=\"container\">\n\t\t\t\t\t<div class=\"e-con-inner\">\n\t\t<div class=\"elementor-element elementor-element-480b880 e-con-full e-flex e-con e-child\" data-id=\"480b880\" data-element_type=\"container\" data-e-type=\"container\">\n\t\t\t\t<div class=\"elementor-element elementor-element-865cab6 elementor-widget elementor-widget-image\" data-id=\"865cab6\" data-element_type=\"widget\" data-e-type=\"widget\" data-widget_type=\"image.default\">\n\t\t\t\t\t\t\t\t\t\t\t\t\t\t\t<img fetchpriority=\"high\" decoding=\"async\" width=\"300\" height=\"200\" src=\"https:\/\/brenal.com\/wp-content\/uploads\/2026\/01\/contact_1.jpg\" class=\"attachment-large size-large wp-image-958\" alt=\"\" srcset=\"https:\/\/brenal.com\/wp-content\/uploads\/2026\/01\/contact_1.jpg 300w, https:\/\/brenal.com\/wp-content\/uploads\/2026\/01\/contact_1-18x12.jpg 18w\" sizes=\"(max-width: 300px) 100vw, 300px\" \/>\t\t\t\t\t\t\t\t\t\t\t\t\t\t\t<\/div>\n\t\t<div class=\"elementor-element elementor-element-b403ec9 e-con-full e-flex e-con e-child\" data-id=\"b403ec9\" data-element_type=\"container\" data-e-type=\"container\">\n\t\t\t\t<div class=\"elementor-element elementor-element-16bdd34 elementor-widget elementor-widget-heading\" data-id=\"16bdd34\" data-element_type=\"widget\" data-e-type=\"widget\" data-widget_type=\"heading.default\">\n\t\t\t\t\t<h4 class=\"elementor-heading-title elementor-size-default\">Sprzeda\u017c<\/h4>\t\t\t\t<\/div>\n\t\t\t\t<div class=\"elementor-element elementor-element-55095ff elementor-widget elementor-widget-text-editor\" data-id=\"55095ff\" data-element_type=\"widget\" data-e-type=\"widget\" data-widget_type=\"text-editor.default\">\n\t\t\t\t\t\t\t\t\t<div><p data-start=\"202\" data-end=\"325\">W sprawach zwi\u0105zanych z ofert\u0105 handlow\u0105, produktami, wycenami oraz wsp\u00f3\u0142prac\u0105 handlow\u0105 zapraszamy do kontaktu z dzia\u0142em sprzeda\u017cy.<\/p><p data-start=\"327\" data-end=\"423\">Nasz zesp\u00f3\u0142 doradzi w wyborze rozwi\u0105za\u0144 dopasowanych do Pa\u0144stwa potrzeb oraz przygotuje indywidualn\u0105 ofert\u0119.<\/p><strong>T: +48 82 577 00 71<\/strong><\/div><div><strong>sprzedaz@brenal.com<\/strong><\/div>\t\t\t\t\t\t\t\t<\/div>\n\t\t\t\t<\/div>\n\t\t\t\t<\/div>\n\t\t<div class=\"elementor-element elementor-element-fe71c3e e-con-full e-flex e-con e-child\" data-id=\"fe71c3e\" data-element_type=\"container\" data-e-type=\"container\">\n\t\t\t\t<div class=\"elementor-element elementor-element-573cea7 elementor-widget elementor-widget-image\" data-id=\"573cea7\" data-element_type=\"widget\" data-e-type=\"widget\" data-widget_type=\"image.default\">\n\t\t\t\t\t\t\t\t\t\t\t\t\t\t\t<img decoding=\"async\" width=\"300\" height=\"200\" src=\"https:\/\/brenal.com\/wp-content\/uploads\/2026\/01\/contact_2.jpg\" class=\"attachment-large size-large wp-image-962\" alt=\"\" srcset=\"https:\/\/brenal.com\/wp-content\/uploads\/2026\/01\/contact_2.jpg 300w, https:\/\/brenal.com\/wp-content\/uploads\/2026\/01\/contact_2-18x12.jpg 18w\" sizes=\"(max-width: 300px) 100vw, 300px\" \/>\t\t\t\t\t\t\t\t\t\t\t\t\t\t\t<\/div>\n\t\t<div class=\"elementor-element elementor-element-4867432 e-con-full e-flex e-con e-child\" data-id=\"4867432\" data-element_type=\"container\" data-e-type=\"container\">\n\t\t\t\t<div class=\"elementor-element elementor-element-4a2c79f elementor-widget elementor-widget-heading\" data-id=\"4a2c79f\" data-element_type=\"widget\" data-e-type=\"widget\" data-widget_type=\"heading.default\">\n\t\t\t\t\t<h4 class=\"elementor-heading-title elementor-size-default\">Oddzia\u0142 Budownictwa<\/h4>\t\t\t\t<\/div>\n\t\t\t\t<div class=\"elementor-element elementor-element-efd6a04 elementor-widget elementor-widget-text-editor\" data-id=\"efd6a04\" data-element_type=\"widget\" data-e-type=\"widget\" data-widget_type=\"text-editor.default\">\n\t\t\t\t\t\t\t\t\t<p>Zapytania dotycz\u0105ce realizacji inwestycji budowlanych, projekt\u00f3w technicznych oraz wsp\u00f3\u0142pracy w zakresie budownictwa prosimy kierowa\u0107 bezpo\u015brednio do Oddzia\u0142u Budownictwa.<\/p><p><strong>M: budownictwo@brenal.com<\/strong><\/p>\t\t\t\t\t\t\t\t<\/div>\n\t\t\t\t<\/div>\n\t\t\t\t<\/div>\n\t\t\t\t\t<\/div>\n\t\t\t\t<\/div>\n\t\t<div class=\"elementor-element elementor-element-0932b67 e-flex e-con-boxed e-con e-parent\" data-id=\"0932b67\" data-element_type=\"container\" data-e-type=\"container\">\n\t\t\t\t\t<div class=\"e-con-inner\">\n\t\t\t\t<div class=\"elementor-element elementor-element-5a3f936 elementor-widget elementor-widget-spacer\" data-id=\"5a3f936\" data-element_type=\"widget\" data-e-type=\"widget\" data-widget_type=\"spacer.default\">\n\t\t\t\t\t\t\t<div class=\"elementor-spacer\">\n\t\t\t<div class=\"elementor-spacer-inner\"><\/div>\n\t\t<\/div>\n\t\t\t\t\t\t<\/div>\n\t\t\t\t\t<\/div>\n\t\t\t\t<\/div>\n\t\t<div class=\"elementor-element elementor-element-d17f8d3 e-flex e-con-boxed e-con e-parent\" data-id=\"d17f8d3\" data-element_type=\"container\" data-e-type=\"container\">\n\t\t\t\t\t<div class=\"e-con-inner\">\n\t\t<div class=\"elementor-element elementor-element-3a4bb4e e-con-full e-flex e-con e-child\" data-id=\"3a4bb4e\" data-element_type=\"container\" data-e-type=\"container\">\n\t\t\t\t<div class=\"elementor-element elementor-element-bf25e1a elementor-widget elementor-widget-image\" data-id=\"bf25e1a\" data-element_type=\"widget\" data-e-type=\"widget\" data-widget_type=\"image.default\">\n\t\t\t\t\t\t\t\t\t\t\t\t\t\t\t<img decoding=\"async\" width=\"300\" height=\"200\" src=\"https:\/\/brenal.com\/wp-content\/uploads\/2026\/01\/contact_3.jpg\" class=\"attachment-large size-large wp-image-964\" alt=\"\" srcset=\"https:\/\/brenal.com\/wp-content\/uploads\/2026\/01\/contact_3.jpg 300w, https:\/\/brenal.com\/wp-content\/uploads\/2026\/01\/contact_3-18x12.jpg 18w\" sizes=\"(max-width: 300px) 100vw, 300px\" \/>\t\t\t\t\t\t\t\t\t\t\t\t\t\t\t<\/div>\n\t\t<div class=\"elementor-element elementor-element-11d4ec9 e-con-full e-flex e-con e-child\" data-id=\"11d4ec9\" data-element_type=\"container\" data-e-type=\"container\">\n\t\t\t\t<div class=\"elementor-element elementor-element-77cc783 elementor-widget elementor-widget-heading\" data-id=\"77cc783\" data-element_type=\"widget\" data-e-type=\"widget\" data-widget_type=\"heading.default\">\n\t\t\t\t\t<h4 class=\"elementor-heading-title elementor-size-default\">Centrala<\/h4>\t\t\t\t<\/div>\n\t\t\t\t<div class=\"elementor-element elementor-element-b7cf290 elementor-widget elementor-widget-text-editor\" data-id=\"b7cf290\" data-element_type=\"widget\" data-e-type=\"widget\" data-widget_type=\"text-editor.default\">\n\t\t\t\t\t\t\t\t\t<p data-start=\"447\" data-end=\"569\">W przypadku zapyta\u0144 og\u00f3lnych, administracyjnych oraz dotycz\u0105cych funkcjonowania firmy Brenal, prosimy o kontakt z central\u0105.<\/p><p data-start=\"571\" data-end=\"676\">Centrala obs\u0142uguje r\u00f3wnie\u017c korespondencj\u0119 formaln\u0105 oraz przekazuje zg\u0142oszenia do w\u0142a\u015bciwych jednostek organizacyjnych.<\/p>\t\t\t\t\t\t\t\t<\/div>\n\t\t\t\t<div class=\"elementor-element elementor-element-681126c elementor-widget elementor-widget-n-accordion\" data-id=\"681126c\" data-element_type=\"widget\" data-e-type=\"widget\" data-settings=\"{&quot;default_state&quot;:&quot;all_collapsed&quot;,&quot;max_items_expended&quot;:&quot;one&quot;,&quot;n_accordion_animation_duration&quot;:{&quot;unit&quot;:&quot;ms&quot;,&quot;size&quot;:400,&quot;sizes&quot;:[]}}\" data-widget_type=\"nested-accordion.default\">\n\t\t\t\t\t\t\t<div class=\"e-n-accordion\" aria-label=\"Accordion. Open links with Enter or Space, close with Escape, and navigate with Arrow Keys\">\n\t\t\t\t\t\t<details id=\"e-n-accordion-item-1090\" class=\"e-n-accordion-item\" >\n\t\t\t\t<summary class=\"e-n-accordion-item-title\" data-accordion-index=\"1\" tabindex=\"0\" aria-expanded=\"false\" aria-controls=\"e-n-accordion-item-1090\" >\n\t\t\t\t\t<span class='e-n-accordion-item-title-header'><div class=\"e-n-accordion-item-title-text\"> Dane Firmy <\/div><\/span>\n\t\t\t\t\t\t\t<span class='e-n-accordion-item-title-icon'>\n\t\t\t<span class='e-opened' ><svg aria-hidden=\"true\" class=\"e-font-icon-svg e-fas-minus\" viewbox=\"0 0 448 512\" xmlns=\"http:\/\/www.w3.org\/2000\/svg\"><path d=\"M416 208H32c-17.67 0-32 14.33-32 32v32c0 17.67 14.33 32 32 32h384c17.67 0 32-14.33 32-32v-32c0-17.67-14.33-32-32-32z\"><\/path><\/svg><\/span>\n\t\t\t<span class='e-closed'><svg aria-hidden=\"true\" class=\"e-font-icon-svg e-fas-plus\" viewbox=\"0 0 448 512\" xmlns=\"http:\/\/www.w3.org\/2000\/svg\"><path d=\"M416 208H272V64c0-17.67-14.33-32-32-32h-32c-17.67 0-32 14.33-32 32v144H32c-17.67 0-32 14.33-32 32v32c0 17.67 14.33 32 32 32h144v144c0 17.67 14.33 32 32 32h32c17.67 0 32-14.33 32-32V304h144c17.67 0 32-14.33 32-32v-32c0-17.67-14.33-32-32-32z\"><\/path><\/svg><\/span>\n\t\t<\/span>\n\n\t\t\t\t\t\t<\/summary>\n\t\t\t\t<div role=\"region\" aria-labelledby=\"e-n-accordion-item-1090\" class=\"elementor-element elementor-element-08de864 e-con-full e-flex e-con e-child\" data-id=\"08de864\" data-element_type=\"container\" data-e-type=\"container\">\n\t\t\t\t<div class=\"elementor-element elementor-element-29c508f elementor-widget elementor-widget-text-editor\" data-id=\"29c508f\" data-element_type=\"widget\" data-e-type=\"widget\" data-widget_type=\"text-editor.default\">\n\t\t\t\t\t\t\t\t\t<p><strong>Brenal sp. z o. o.<\/strong><br \/>Krupiec 77<br \/>Siennica Nadolna<br \/>22-302<br \/>VAT: PL 564 16 38 041<\/p><p>Polska<\/p><p><strong>E: kontakt@brenal.com<\/strong><br \/><strong>T: +48 82 577 03 29<\/strong><\/p>\t\t\t\t\t\t\t\t<\/div>\n\t\t\t\t<\/div>\n\t\t\t\t\t<\/details>\n\t\t\t\t\t<\/div>\n\t\t\t\t\t\t<\/div>\n\t\t\t\t<\/div>\n\t\t\t\t<\/div>\n\t\t<div class=\"elementor-element elementor-element-611a88b e-con-full e-flex e-con e-child\" data-id=\"611a88b\" data-element_type=\"container\" data-e-type=\"container\">\n\t\t\t\t<\/div>\n\t\t\t\t\t<\/div>\n\t\t\t\t<\/div>\n\t\t<div class=\"elementor-element elementor-element-5a070b0 e-flex e-con-boxed e-con e-parent\" data-id=\"5a070b0\" data-element_type=\"container\" data-e-type=\"container\">\n\t\t\t\t\t<div class=\"e-con-inner\">\n\t\t\t\t<div class=\"elementor-element elementor-element-a894010 elementor-widget elementor-widget-spacer\" data-id=\"a894010\" data-element_type=\"widget\" data-e-type=\"widget\" data-widget_type=\"spacer.default\">\n\t\t\t\t\t\t\t<div class=\"elementor-spacer\">\n\t\t\t<div class=\"elementor-spacer-inner\"><\/div>\n\t\t<\/div>\n\t\t\t\t\t\t<\/div>\n\t\t\t\t\t<\/div>\n\t\t\t\t<\/div>\n\t\t<div class=\"elementor-element elementor-element-031cf54 e-flex e-con-boxed e-con e-parent\" data-id=\"031cf54\" data-element_type=\"container\" data-e-type=\"container\" data-settings=\"{&quot;background_background&quot;:&quot;classic&quot;}\">\n\t\t\t\t\t<div class=\"e-con-inner\">\n\t\t\t\t<div class=\"elementor-element elementor-element-a254f55 elementor-widget elementor-widget-google_maps\" data-id=\"a254f55\" data-element_type=\"widget\" data-e-type=\"widget\" data-widget_type=\"google_maps.default\">\n\t\t\t\t\t\t\t<div class=\"elementor-custom-embed\">\n\t\t\t<iframe loading=\"lazy\"\n\t\t\t\t\tsrc=\"https:\/\/maps.google.com\/maps?q=Brenal&#038;t=m&#038;z=3&#038;output=embed&#038;iwloc=near\"\n\t\t\t\t\ttitle=\"Brenal\"\n\t\t\t\t\taria-label=\"Brenal\"\n\t\t\t><\/iframe>\n\t\t<\/div>\n\t\t\t\t\t\t<\/div>\n\t\t\t\t\t<\/div>\n\t\t\t\t<\/div>\n\t\t\t\t<\/div>","protected":false},"excerpt":{"rendered":"<p>Contact We value direct and open communication with our clients and partners. Please select the appropriate department so we can respond to your needs efficiently and effectively. Sales For matters related to our commercial offer, products, pricing, and sales cooperation, please contact the Sales Department. Our team will advise on solutions tailored to your requirements [&hellip;]<\/p>\n","protected":false},"author":1,"featured_media":0,"parent":0,"menu_order":0,"comment_status":"closed","ping_status":"closed","template":"","meta":{"footnotes":""},"class_list":["post-923","page","type-page","status-publish","hentry"],"_links":{"self":[{"href":"https:\/\/brenal.com\/pl\/wp-json\/wp\/v2\/pages\/923","targetHints":{"allow":["GET"]}}],"collection":[{"href":"https:\/\/brenal.com\/pl\/wp-json\/wp\/v2\/pages"}],"about":[{"href":"https:\/\/brenal.com\/pl\/wp-json\/wp\/v2\/types\/page"}],"author":[{"embeddable":true,"href":"https:\/\/brenal.com\/pl\/wp-json\/wp\/v2\/users\/1"}],"replies":[{"embeddable":true,"href":"https:\/\/brenal.com\/pl\/wp-json\/wp\/v2\/comments?post=923"}],"version-history":[{"count":73,"href":"https:\/\/brenal.com\/pl\/wp-json\/wp\/v2\/pages\/923\/revisions"}],"predecessor-version":[{"id":1749,"href":"https:\/\/brenal.com\/pl\/wp-json\/wp\/v2\/pages\/923\/revisions\/1749"}],"wp:attachment":[{"href":"https:\/\/brenal.com\/pl\/wp-json\/wp\/v2\/media?parent=923"}],"curies":[{"name":"wp","href":"https:\/\/api.w.org\/{rel}","templated":true}]}}