{"id":3,"date":"2025-11-27T09:57:25","date_gmt":"2025-11-27T09:57:25","guid":{"rendered":"https:\/\/brenal.hosting24.pl\/26\/?page_id=3"},"modified":"2026-03-10T11:52:16","modified_gmt":"2026-03-10T11:52:16","slug":"privacy-policy","status":"publish","type":"page","link":"https:\/\/brenal.com\/pl\/privacy-policy\/","title":{"rendered":"Polityka Prywatno\u015bci"},"content":{"rendered":"<div data-elementor-type=\"wp-page\" data-elementor-id=\"3\" class=\"elementor elementor-3\" data-elementor-post-type=\"page\">\n\t\t\t\t<div class=\"elementor-element elementor-element-6921f666 e-flex e-con-boxed e-con e-parent\" data-id=\"6921f666\" data-element_type=\"container\" data-e-type=\"container\">\n\t\t\t\t\t<div class=\"e-con-inner\">\n\t\t\t\t<div class=\"elementor-element elementor-element-85f6ba7 elementor-widget elementor-widget-heading\" data-id=\"85f6ba7\" data-element_type=\"widget\" data-e-type=\"widget\" data-widget_type=\"heading.default\">\n\t\t\t\t\t<h2 class=\"elementor-heading-title elementor-size-default\">Polityka Prywatno\u015bci<\/h2>\t\t\t\t<\/div>\n\t\t\t\t<div class=\"elementor-element elementor-element-440d1744 elementor-widget elementor-widget-text-editor\" data-id=\"440d1744\" data-element_type=\"widget\" data-e-type=\"widget\" data-widget_type=\"text-editor.default\">\n\t\t\t\t\t\t\t\t\t<p>Niniejsza Polityka Prywatno\u015bci opisuje zasady przetwarzania danych osobowych oraz wykorzystywania plik\u00f3w cookies w zwi\u0105zku z korzystaniem ze strony internetowej <a class=\"decorated-link\" href=\"https:\/\/brenal.com\/pl\/\" target=\"_new\" rel=\"noopener\" data-start=\"291\" data-end=\"309\">https:\/\/brenal.com<\/a>. Administratorem danych osobowych jest Brenal Sp. z o.o., Krupiec 77, 22-302 Siennica Nadolna, Polska, NIP: PL 564 16 38 041. Je\u015bli masz jakiekolwiek pytania dotycz\u0105ce przetwarzania danych osobowych, mo\u017cesz skontaktowa\u0107 si\u0119 z administratorem pod adresem: <a class=\"decorated-link cursor-pointer\" rel=\"noopener\" data-start=\"540\" data-end=\"558\">contact@brenal.com<\/a>Administrator dok\u0142ada szczeg\u00f3lnej staranno\u015bci, aby chroni\u0107 prywatno\u015b\u0107 u\u017cytkownik\u00f3w odwiedzaj\u0105cych stron\u0119 internetow\u0105. Podczas korzystania ze strony mog\u0105 by\u0107 przetwarzane dane osobowe, je\u015bli u\u017cytkownik dobrowolnie je poda, na przyk\u0142ad poprzez formularze kontaktowe lub inne kana\u0142y komunikacji dost\u0119pne na stronie. Dane te mog\u0105 obejmowa\u0107 imi\u0119 i nazwisko, nazw\u0119 firmy, adres e-mail, numer telefonu, tre\u015b\u0107 wiadomo\u015bci lub inne informacje dobrowolnie przekazane przez u\u017cytkownika. Podanie danych osobowych jest dobrowolne, jednak mo\u017ce by\u0107 konieczne w celu udzielenia odpowiedzi na zapytania lub nawi\u0105zania komunikacji biznesowej.  Strona internetowa mo\u017ce r\u00f3wnie\u017c automatycznie gromadzi\u0107 pewne informacje o u\u017cytkownikach, w tym adres IP, typ przegl\u0105darki, informacje o urz\u0105dzeniu, system operacyjny, odwiedzane podstrony, dat\u0119 i godzin\u0119 dost\u0119pu oraz inne dane statystyczne zwi\u0105zane z korzystaniem ze strony. Dane te s\u0105 wykorzystywane przede wszystkim do cel\u00f3w analitycznych oraz w celu zapewnienia prawid\u0142owego funkcjonowania i bezpiecze\u0144stwa strony internetowej.  Dane osobowe mog\u0105 by\u0107 przetwarzane w takich celach jak odpowiadanie na zapytania, utrzymywanie komunikacji biznesowej, prowadzenie proces\u00f3w rekrutacyjnych, ulepszanie funkcjonalno\u015bci strony internetowej, analiza ruchu na stronie oraz zapewnienie bezpiecze\u0144stwa strony. Podstaw\u0105 prawn\u0105 przetwarzania danych osobowych mo\u017ce by\u0107 zgoda u\u017cytkownika (art. 6 ust. 1 lit. a RODO) lub prawnie uzasadniony interes administratora (art. 6 ust. 1 lit. f RODO).  Dane osobowe s\u0105 przechowywane wy\u0142\u0105cznie przez okres niezb\u0119dny do realizacji celu, w jakim zosta\u0142y zebrane, lub do momentu wycofania zgody przez u\u017cytkownika, chyba \u017ce obowi\u0105zuj\u0105ce przepisy prawa wymagaj\u0105 d\u0142u\u017cszego okresu przechowywania.  Dane osobowe mog\u0105 by\u0107 udost\u0119pniane podmiotom wspieraj\u0105cym funkcjonowanie strony internetowej, w tym dostawcom hostingu, dostawcom narz\u0119dzi analitycznych, dostawcom narz\u0119dzi marketingowych, dostawcom system\u00f3w CRM oraz dostawcom us\u0142ug IT. Us\u0142ugi hostingu strony internetowej s\u0105 \u015bwiadczone przez mserwis.pl.  Strona internetowa mo\u017ce korzysta\u0107 z narz\u0119dzi analitycznych i marketingowych, kt\u00f3re pomagaj\u0105 zrozumie\u0107, w jaki spos\u00f3b u\u017cytkownicy wchodz\u0105 w interakcj\u0119 ze stron\u0105, w tym Google Analytics, Google Tag Manager oraz LinkedIn Insight Tag. Narz\u0119dzia te mog\u0105 wykorzystywa\u0107 pliki cookies oraz podobne technologie w celu zbierania anonimowych informacji statystycznych dotycz\u0105cych ruchu na stronie i sposobu jej u\u017cywania.  Strona internetowa mo\u017ce r\u00f3wnie\u017c zawiera\u0107 zewn\u0119trzne us\u0142ugi, takie jak Google Maps do wy\u015bwietlania informacji o lokalizacji oraz YouTube do osadzania tre\u015bci wideo. Korzystanie z tych us\u0142ug mo\u017ce skutkowa\u0107 przetwarzaniem niekt\u00f3rych danych u\u017cytkownika przez dostawc\u00f3w tych us\u0142ug zgodnie z ich w\u0142asnymi politykami prywatno\u015bci.  Strona internetowa wykorzystuje pliki cookies w celu zapewnienia prawid\u0142owego dzia\u0142ania strony, analizy ruchu oraz poprawy do\u015bwiadczenia u\u017cytkownika. Cookies to niewielkie pliki tekstowe zapisywane na urz\u0105dzeniu u\u017cytkownika. U\u017cytkownicy mog\u0105 zarz\u0105dza\u0107 plikami cookies lub je wy\u0142\u0105czy\u0107 w ustawieniach swojej przegl\u0105darki internetowej. Ograniczenie stosowania plik\u00f3w cookies mo\u017ce wp\u0142yn\u0105\u0107 na niekt\u00f3re funkcjonalno\u015bci strony internetowej.  Zgodnie z RODO u\u017cytkownikom przys\u0142uguje prawo dost\u0119pu do swoich danych osobowych, \u017c\u0105dania ich sprostowania, usuni\u0119cia lub ograniczenia przetwarzania, wniesienia sprzeciwu wobec przetwarzania, \u017c\u0105dania przeniesienia danych oraz wycofania zgody w dowolnym momencie. Wnioski dotycz\u0105ce przetwarzania danych osobowych mo\u017cna przesy\u0142a\u0107 na adres: <a class=\"decorated-link cursor-pointer\" rel=\"noopener\" data-start=\"3587\" data-end=\"3605\">contact@brenal.com<\/a>U\u017cytkownicy maj\u0105 r\u00f3wnie\u017c prawo do z\u0142o\u017cenia skargi do organu nadzorczego odpowiedzialnego za ochron\u0119 danych. Je\u015bli strona internetowa umo\u017cliwia sk\u0142adanie aplikacji o prac\u0119, dane osobowe zawarte w dokumentach rekrutacyjnych b\u0119d\u0105 przetwarzane wy\u0142\u0105cznie w celach rekrutacyjnych i przechowywane jedynie przez okres niezb\u0119dny do zako\u0144czenia procesu rekrutacji lub do momentu wycofania zgody. Administrator zastrzega sobie prawo do aktualizacji niniejszej Polityki Prywatno\u015bci, w szczeg\u00f3lno\u015bci w przypadku zmian w przepisach prawa, technologii lub funkcjonalno\u015bci strony internetowej. Aktualna wersja Polityki Prywatno\u015bci jest zawsze dost\u0119pna na stronie internetowej.<\/p>\t\t\t\t\t\t\t\t<\/div>\n\t\t\t\t\t<\/div>\n\t\t\t\t<\/div>\n\t\t\t\t<\/div>","protected":false},"excerpt":{"rendered":"<p>Privacy Policy This Privacy Policy describes the rules for processing personal data and the use of cookies in connection with the use of the website https:\/\/brenal.com. The controller of personal data is Brenal Sp. z o.o., Krupiec 77, 22-302 Siennica Nadolna, Poland, VAT ID: PL 564 16 38 041. If you have any questions regarding [&hellip;]<\/p>\n","protected":false},"author":1,"featured_media":0,"parent":0,"menu_order":0,"comment_status":"closed","ping_status":"open","template":"","meta":{"footnotes":""},"class_list":["post-3","page","type-page","status-publish","hentry"],"_links":{"self":[{"href":"https:\/\/brenal.com\/pl\/wp-json\/wp\/v2\/pages\/3","targetHints":{"allow":["GET"]}}],"collection":[{"href":"https:\/\/brenal.com\/pl\/wp-json\/wp\/v2\/pages"}],"about":[{"href":"https:\/\/brenal.com\/pl\/wp-json\/wp\/v2\/types\/page"}],"author":[{"embeddable":true,"href":"https:\/\/brenal.com\/pl\/wp-json\/wp\/v2\/users\/1"}],"replies":[{"embeddable":true,"href":"https:\/\/brenal.com\/pl\/wp-json\/wp\/v2\/comments?post=3"}],"version-history":[{"count":4,"href":"https:\/\/brenal.com\/pl\/wp-json\/wp\/v2\/pages\/3\/revisions"}],"predecessor-version":[{"id":1899,"href":"https:\/\/brenal.com\/pl\/wp-json\/wp\/v2\/pages\/3\/revisions\/1899"}],"wp:attachment":[{"href":"https:\/\/brenal.com\/pl\/wp-json\/wp\/v2\/media?parent=3"}],"curies":[{"name":"wp","href":"https:\/\/api.w.org\/{rel}","templated":true}]}}