{"id":1546,"date":"2026-02-25T13:32:34","date_gmt":"2026-02-25T13:32:34","guid":{"rendered":"https:\/\/brenal.hosting24.pl\/26\/?page_id=1546"},"modified":"2026-03-19T10:20:26","modified_gmt":"2026-03-19T10:20:26","slug":"liquid-loading-and-unloading-stations","status":"publish","type":"page","link":"https:\/\/brenal.com\/pl\/liquid-loading-and-unloading-stations\/","title":{"rendered":"Stacje UNO"},"content":{"rendered":"<div data-elementor-type=\"wp-page\" data-elementor-id=\"1546\" class=\"elementor elementor-1546\" data-elementor-post-type=\"page\">\n\t\t\t\t<div class=\"elementor-element elementor-element-c048661 e-con-full e-flex e-con e-parent\" data-id=\"c048661\" data-element_type=\"container\" data-e-type=\"container\">\n\t\t\t\t<\/div>\n\t\t<div class=\"elementor-element elementor-element-b1fbf3a e-flex e-con-boxed e-con e-parent\" data-id=\"b1fbf3a\" data-element_type=\"container\" data-e-type=\"container\">\n\t\t\t\t\t<div class=\"e-con-inner\">\n\t\t\t\t<div class=\"elementor-element elementor-element-6e73ccc elementor-widget elementor-widget-heading\" data-id=\"6e73ccc\" data-element_type=\"widget\" data-e-type=\"widget\" data-widget_type=\"heading.default\">\n\t\t\t\t\t<h1 class=\"elementor-heading-title elementor-size-default\">Stacje UNO<\/h1>\t\t\t\t<\/div>\n\t\t<div class=\"elementor-element elementor-element-cfd017c e-con-full e-flex e-con e-child\" data-id=\"cfd017c\" data-element_type=\"container\" data-e-type=\"container\" data-settings=\"{&quot;background_background&quot;:&quot;classic&quot;}\">\n\t\t\t\t<\/div>\n\t\t\t\t\t<\/div>\n\t\t\t\t<\/div>\n\t\t<div class=\"elementor-element elementor-element-daa235b e-flex e-con-boxed e-con e-parent\" data-id=\"daa235b\" data-element_type=\"container\" data-e-type=\"container\">\n\t\t\t\t\t<div class=\"e-con-inner\">\n\t\t\t\t<div class=\"elementor-element elementor-element-a8c7825 elementor-widget elementor-widget-spacer\" data-id=\"a8c7825\" data-element_type=\"widget\" data-e-type=\"widget\" data-widget_type=\"spacer.default\">\n\t\t\t\t\t\t\t<div class=\"elementor-spacer\">\n\t\t\t<div class=\"elementor-spacer-inner\"><\/div>\n\t\t<\/div>\n\t\t\t\t\t\t<\/div>\n\t\t\t\t\t<\/div>\n\t\t\t\t<\/div>\n\t\t<div class=\"elementor-element elementor-element-a18fd8d e-flex e-con-boxed e-con e-parent\" data-id=\"a18fd8d\" data-element_type=\"container\" data-e-type=\"container\">\n\t\t\t\t\t<div class=\"e-con-inner\">\n\t\t<div class=\"elementor-element elementor-element-2194d3b e-con-full e-flex e-con e-child\" data-id=\"2194d3b\" data-element_type=\"container\" data-e-type=\"container\">\n\t\t\t\t<div class=\"elementor-element elementor-element-09080a1 elementor-widget elementor-widget-image\" data-id=\"09080a1\" data-element_type=\"widget\" data-e-type=\"widget\" data-widget_type=\"image.default\">\n\t\t\t\t\t\t\t\t\t\t\t\t\t\t\t<img fetchpriority=\"high\" decoding=\"async\" width=\"500\" height=\"333\" src=\"https:\/\/brenal.com\/wp-content\/uploads\/2026\/03\/Liquid-Loading-and-Unloading-Stations_1.jpg\" class=\"attachment-large size-large wp-image-1903\" alt=\"\" srcset=\"https:\/\/brenal.com\/wp-content\/uploads\/2026\/03\/Liquid-Loading-and-Unloading-Stations_1.jpg 500w, https:\/\/brenal.com\/wp-content\/uploads\/2026\/03\/Liquid-Loading-and-Unloading-Stations_1-300x200.jpg 300w, https:\/\/brenal.com\/wp-content\/uploads\/2026\/03\/Liquid-Loading-and-Unloading-Stations_1-18x12.jpg 18w\" sizes=\"(max-width: 500px) 100vw, 500px\" \/>\t\t\t\t\t\t\t\t\t\t\t\t\t\t\t<\/div>\n\t\t\t\t<\/div>\n\t\t<div class=\"elementor-element elementor-element-07c9d47 e-con-full e-flex e-con e-child\" data-id=\"07c9d47\" data-element_type=\"container\" data-e-type=\"container\">\n\t\t<div class=\"elementor-element elementor-element-ffb321b e-con-full e-flex e-con e-child\" data-id=\"ffb321b\" data-element_type=\"container\" data-e-type=\"container\">\n\t\t\t\t<div class=\"elementor-element elementor-element-baf437a elementor-widget elementor-widget-heading\" data-id=\"baf437a\" data-element_type=\"widget\" data-e-type=\"widget\" data-widget_type=\"heading.default\">\n\t\t\t\t\t<h2 class=\"elementor-heading-title elementor-size-default\">Punkt krytyczny, w kt\u00f3rym nie ma miejsca na b\u0142\u0105d<\/h2>\t\t\t\t<\/div>\n\t\t\t\t<\/div>\n\t\t<div class=\"elementor-element elementor-element-e7952fa e-con-full e-flex e-con e-child\" data-id=\"e7952fa\" data-element_type=\"container\" data-e-type=\"container\">\n\t\t\t\t<div class=\"elementor-element elementor-element-f551205 elementor-widget elementor-widget-text-editor\" data-id=\"f551205\" data-element_type=\"widget\" data-e-type=\"widget\" data-widget_type=\"text-editor.default\">\n\t\t\t\t\t\t\t\t\t<p>Stacja UNO to moment styku transportu z instalacj\u0105.<br \/>To tutaj medium przechodzi z cysterny do systemu technologicznego lub odwrotnie.\nTo tutaj powstaje najwi\u0119ksze ryzyko: wycieku, przepe\u0142nienia, b\u0142\u0119du operatorskiego lub niezgodno\u015bci formalnej.<\/p><p>Projektujemy stacje UNO jako kontrolowane i zabezpieczone \u015brodowisko operacyjne tak, aby transfer cieczy by\u0142 przewidywalny, mierzalny i zgodny z wymaganiami dozoru technicznego.<\/p>\t\t\t\t\t\t\t\t<\/div>\n\t\t\t\t<\/div>\n\t\t\t\t<\/div>\n\t\t\t\t\t<\/div>\n\t\t\t\t<\/div>\n\t\t<div class=\"elementor-element elementor-element-b71ca18 e-flex e-con-boxed e-con e-parent\" data-id=\"b71ca18\" data-element_type=\"container\" data-e-type=\"container\">\n\t\t\t\t\t<div class=\"e-con-inner\">\n\t\t\t\t<div class=\"elementor-element elementor-element-0a9844f elementor-widget elementor-widget-heading\" data-id=\"0a9844f\" data-element_type=\"widget\" data-e-type=\"widget\" data-widget_type=\"heading.default\">\n\t\t\t\t\t<h2 class=\"elementor-heading-title elementor-size-default\">Zgodno\u015b\u0107 z TDT to nie formalno\u015b\u0107, to odpowiedzialno\u015b\u0107<\/h2>\t\t\t\t<\/div>\n\t\t\t\t<div class=\"elementor-element elementor-element-9ef6ec8 elementor-widget elementor-widget-text-editor\" data-id=\"9ef6ec8\" data-element_type=\"widget\" data-e-type=\"widget\" data-widget_type=\"text-editor.default\">\n\t\t\t\t\t\t\t\t\t<p class=\"translation-block\">Stacje UNO podlegaj\u0105 wymaganiom Transportowego Dozoru Technicznego.\nBrak w\u0142a\u015bciwego projektu, zabezpiecze\u0144 czy dokumentacji oznacza realne ryzyko: op\u00f3\u017anie\u0144, decyzji wstrzymuj\u0105cych u\u017cytkowanie, a w skrajnym przypadku odpowiedzialno\u015bci prawnej.<\/p>\t\t\t\t\t\t\t\t<\/div>\n\t\t\t\t<div class=\"elementor-element elementor-element-a22167d elementor-widget elementor-widget-heading\" data-id=\"a22167d\" data-element_type=\"widget\" data-e-type=\"widget\" data-widget_type=\"heading.default\">\n\t\t\t\t\t<h5 class=\"elementor-heading-title elementor-size-default\">Dlatego realizujemy stacje jako kompletne rozwi\u0105zania obejmuj\u0105ce:<\/h5>\t\t\t\t<\/div>\n\t\t\t\t<div class=\"elementor-element elementor-element-7096f7c elementor-widget elementor-widget-text-editor\" data-id=\"7096f7c\" data-element_type=\"widget\" data-e-type=\"widget\" data-widget_type=\"text-editor.default\">\n\t\t\t\t\t\t\t\t\t<ul><li>projekt techniczny zgodny z wymaganiami dozoru,<\/li><li>dob\u00f3r armatury i zabezpiecze\u0144 adekwatnych do medium,<\/li><li>systemy odci\u0119cia awaryjnego i zabezpieczenia przed przepe\u0142nieniem,<\/li><li>przygotowanie dokumentacji niezb\u0119dnej do odbioru.<\/li><\/ul><p><br \/>Dla inwestora oznacza to jedno: brak niespodzianek na etapie uruchomienia.<\/p>\t\t\t\t\t\t\t\t<\/div>\n\t\t\t\t<div class=\"elementor-element elementor-element-11ad5f0 elementor-widget elementor-widget-spacer\" data-id=\"11ad5f0\" data-element_type=\"widget\" data-e-type=\"widget\" data-widget_type=\"spacer.default\">\n\t\t\t\t\t\t\t<div class=\"elementor-spacer\">\n\t\t\t<div class=\"elementor-spacer-inner\"><\/div>\n\t\t<\/div>\n\t\t\t\t\t\t<\/div>\n\t\t\t\t\t<\/div>\n\t\t\t\t<\/div>\n\t\t<div class=\"elementor-element elementor-element-79890d5 e-flex e-con-boxed e-con e-parent\" data-id=\"79890d5\" data-element_type=\"container\" data-e-type=\"container\" data-settings=\"{&quot;background_background&quot;:&quot;classic&quot;}\">\n\t\t\t\t\t<div class=\"e-con-inner\">\n\t\t<div class=\"elementor-element elementor-element-67d9a48 e-con-full e-flex e-con e-child\" data-id=\"67d9a48\" data-element_type=\"container\" data-e-type=\"container\">\n\t\t\t\t<\/div>\n\t\t<div class=\"elementor-element elementor-element-efd3f8f e-con-full e-flex e-con e-child\" data-id=\"efd3f8f\" data-element_type=\"container\" data-e-type=\"container\">\n\t\t<div class=\"elementor-element elementor-element-a2b8f52 e-con-full e-flex e-con e-child\" data-id=\"a2b8f52\" data-element_type=\"container\" data-e-type=\"container\">\n\t\t\t\t<div class=\"elementor-element elementor-element-391e25d elementor-widget elementor-widget-heading\" data-id=\"391e25d\" data-element_type=\"widget\" data-e-type=\"widget\" data-widget_type=\"heading.default\">\n\t\t\t\t\t<h2 class=\"elementor-heading-title elementor-size-default\">Bezpiecze\u0144stwo operacyjne, nie tylko techniczne<\/h2>\t\t\t\t<\/div>\n\t\t\t\t<\/div>\n\t\t<div class=\"elementor-element elementor-element-2bc61c5 e-con-full e-flex e-con e-child\" data-id=\"2bc61c5\" data-element_type=\"container\" data-e-type=\"container\">\n\t\t\t\t<div class=\"elementor-element elementor-element-dcee693 elementor-widget elementor-widget-text-editor\" data-id=\"dcee693\" data-element_type=\"widget\" data-e-type=\"widget\" data-widget_type=\"text-editor.default\">\n\t\t\t\t\t\t\t\t\t<p>W wielu zak\u0142adach problemem nie jest sama technologia, lecz operacyjna przypadkowo\u015b\u0107:\nr\u00f3\u017cne procedury, r\u00f3\u017cne standardy pod\u0142\u0105cze\u0144, brak kontroli ilo\u015bci, r\u0119czne operacje bez zabezpiecze\u0144.<\/p><p>Stacj\u0119 UNO projektujemy jako element uporz\u0105dkowanego systemu:<\/p><ul><li>kontrola ilo\u015bci i parametr\u00f3w medium,<\/li><li>zabezpieczenia przed przepe\u0142nieniem,<\/li><li>systemy suchego odci\u0119cia i ograniczenia wyciek\u00f3w,<\/li><li>ergonomiczne stanowisko pracy operatora,<\/li><li>integracja z automatyk\u0105 i monitoringiem.<\/li><\/ul><p><br \/>Efekt to ograniczenie ryzyka \u015brodowiskowego, operacyjnego i finansowego.<\/p>\t\t\t\t\t\t\t\t<\/div>\n\t\t\t\t<\/div>\n\t\t\t\t<\/div>\n\t\t\t\t\t<\/div>\n\t\t\t\t<\/div>\n\t\t<div class=\"elementor-element elementor-element-96e0b70 e-flex e-con-boxed e-con e-parent\" data-id=\"96e0b70\" data-element_type=\"container\" data-e-type=\"container\" data-settings=\"{&quot;background_background&quot;:&quot;classic&quot;}\">\n\t\t\t\t\t<div class=\"e-con-inner\">\n\t\t\t\t<div class=\"elementor-element elementor-element-d113ed1 elementor-widget elementor-widget-heading\" data-id=\"d113ed1\" data-element_type=\"widget\" data-e-type=\"widget\" data-widget_type=\"heading.default\">\n\t\t\t\t\t<h2 class=\"elementor-heading-title elementor-size-default\">Decyzja, kt\u00f3ra chroni firm\u0119<\/h2>\t\t\t\t<\/div>\n\t\t\t\t<div class=\"elementor-element elementor-element-b921340 elementor-widget elementor-widget-text-editor\" data-id=\"b921340\" data-element_type=\"widget\" data-e-type=\"widget\" data-widget_type=\"text-editor.default\">\n\t\t\t\t\t\t\t\t\t<p>Wyb\u00f3r stacji UNO to nie decyzja zakupowa.<br \/>To decyzja o poziomie kontroli nad medium, ryzykiem operacyjnym i zgodno\u015bci\u0105 z przepisami.<\/p><p>\u0141\u0105cz\u0105c projektowanie, wykonanie i integracj\u0119 w jednej organizacji, ograniczamy ryzyko rozproszonej odpowiedzialno\u015bci i zapewniamy przewidywalno\u015b\u0107 dzia\u0142ania systemu w warunkach przemys\u0142owych.<\/p>\t\t\t\t\t\t\t\t<\/div>\n\t\t\t\t<div class=\"elementor-element elementor-element-ce2b835 elementor-widget elementor-widget-spacer\" data-id=\"ce2b835\" data-element_type=\"widget\" data-e-type=\"widget\" data-widget_type=\"spacer.default\">\n\t\t\t\t\t\t\t<div class=\"elementor-spacer\">\n\t\t\t<div class=\"elementor-spacer-inner\"><\/div>\n\t\t<\/div>\n\t\t\t\t\t\t<\/div>\n\t\t\t\t\t<\/div>\n\t\t\t\t<\/div>\n\t\t\t\t<\/div>","protected":false},"excerpt":{"rendered":"<p>Liquid Loading and Unloading Stations A critical transfer point with zero margin for error A liquid loading and unloading station is the interface between transport and the process installation.It is the point where liquid media move between tankers and technological systems and where operational, environmental, and regulatory risks are at their highest. We design loading [&hellip;]<\/p>\n","protected":false},"author":1,"featured_media":0,"parent":0,"menu_order":0,"comment_status":"closed","ping_status":"closed","template":"","meta":{"footnotes":""},"class_list":["post-1546","page","type-page","status-publish","hentry"],"_links":{"self":[{"href":"https:\/\/brenal.com\/pl\/wp-json\/wp\/v2\/pages\/1546","targetHints":{"allow":["GET"]}}],"collection":[{"href":"https:\/\/brenal.com\/pl\/wp-json\/wp\/v2\/pages"}],"about":[{"href":"https:\/\/brenal.com\/pl\/wp-json\/wp\/v2\/types\/page"}],"author":[{"embeddable":true,"href":"https:\/\/brenal.com\/pl\/wp-json\/wp\/v2\/users\/1"}],"replies":[{"embeddable":true,"href":"https:\/\/brenal.com\/pl\/wp-json\/wp\/v2\/comments?post=1546"}],"version-history":[{"count":25,"href":"https:\/\/brenal.com\/pl\/wp-json\/wp\/v2\/pages\/1546\/revisions"}],"predecessor-version":[{"id":1906,"href":"https:\/\/brenal.com\/pl\/wp-json\/wp\/v2\/pages\/1546\/revisions\/1906"}],"wp:attachment":[{"href":"https:\/\/brenal.com\/pl\/wp-json\/wp\/v2\/media?parent=1546"}],"curies":[{"name":"wp","href":"https:\/\/api.w.org\/{rel}","templated":true}]}}