{"id":1258,"date":"2026-01-27T13:06:22","date_gmt":"2026-01-27T13:06:22","guid":{"rendered":"https:\/\/brenal.hosting24.pl\/26\/?page_id=1258"},"modified":"2026-02-27T12:56:34","modified_gmt":"2026-02-27T12:56:34","slug":"filling-machines","status":"publish","type":"page","link":"https:\/\/brenal.com\/pl\/filling-machines\/","title":{"rendered":"Urz\u0105dzenia nalewaj\u0105ce"},"content":{"rendered":"<div data-elementor-type=\"wp-page\" data-elementor-id=\"1258\" class=\"elementor elementor-1258\" data-elementor-post-type=\"page\">\n\t\t\t\t<div class=\"elementor-element elementor-element-6116887 e-con-full e-flex e-con e-parent\" data-id=\"6116887\" data-element_type=\"container\" data-e-type=\"container\" data-settings=\"{&quot;background_background&quot;:&quot;classic&quot;}\">\n\t\t\t\t<\/div>\n\t\t<div class=\"elementor-element elementor-element-ec99cf7 e-flex e-con-boxed e-con e-parent\" data-id=\"ec99cf7\" data-element_type=\"container\" data-e-type=\"container\" data-settings=\"{&quot;background_background&quot;:&quot;classic&quot;}\">\n\t\t\t\t\t<div class=\"e-con-inner\">\n\t\t\t\t<div class=\"elementor-element elementor-element-b797cfb elementor-widget elementor-widget-heading\" data-id=\"b797cfb\" data-element_type=\"widget\" data-e-type=\"widget\" data-widget_type=\"heading.default\">\n\t\t\t\t\t<h1 class=\"elementor-heading-title elementor-size-default\">Urz\u0105dzenia nalewaj\u0105ce<\/h1>\t\t\t\t<\/div>\n\t\t<div class=\"elementor-element elementor-element-4945932 e-con-full e-flex e-con e-child\" data-id=\"4945932\" data-element_type=\"container\" data-e-type=\"container\" data-settings=\"{&quot;background_background&quot;:&quot;classic&quot;}\">\n\t\t\t\t<\/div>\n\t\t\t\t\t<\/div>\n\t\t\t\t<\/div>\n\t\t<div class=\"elementor-element elementor-element-cc86c40 e-flex e-con-boxed e-con e-parent\" data-id=\"cc86c40\" data-element_type=\"container\" data-e-type=\"container\">\n\t\t\t\t\t<div class=\"e-con-inner\">\n\t\t\t\t<div class=\"elementor-element elementor-element-10efc39 elementor-widget elementor-widget-spacer\" data-id=\"10efc39\" data-element_type=\"widget\" data-e-type=\"widget\" data-widget_type=\"spacer.default\">\n\t\t\t\t\t\t\t<div class=\"elementor-spacer\">\n\t\t\t<div class=\"elementor-spacer-inner\"><\/div>\n\t\t<\/div>\n\t\t\t\t\t\t<\/div>\n\t\t\t\t\t<\/div>\n\t\t\t\t<\/div>\n\t\t<div class=\"elementor-element elementor-element-69a19cf e-flex e-con-boxed e-con e-parent\" data-id=\"69a19cf\" data-element_type=\"container\" data-e-type=\"container\">\n\t\t\t\t\t<div class=\"e-con-inner\">\n\t\t<div class=\"elementor-element elementor-element-28540b3 e-con-full e-flex e-con e-child\" data-id=\"28540b3\" data-element_type=\"container\" data-e-type=\"container\">\n\t\t\t\t<div class=\"elementor-element elementor-element-431108c elementor-widget elementor-widget-image\" data-id=\"431108c\" data-element_type=\"widget\" data-e-type=\"widget\" data-widget_type=\"image.default\">\n\t\t\t\t\t\t\t\t\t\t\t\t\t\t\t<img fetchpriority=\"high\" decoding=\"async\" width=\"500\" height=\"333\" src=\"https:\/\/brenal.com\/wp-content\/uploads\/2026\/01\/filling_4.jpg\" class=\"attachment-large size-large wp-image-1348\" alt=\"\" srcset=\"https:\/\/brenal.com\/wp-content\/uploads\/2026\/01\/filling_4.jpg 500w, https:\/\/brenal.com\/wp-content\/uploads\/2026\/01\/filling_4-300x200.jpg 300w, https:\/\/brenal.com\/wp-content\/uploads\/2026\/01\/filling_4-18x12.jpg 18w\" sizes=\"(max-width: 500px) 100vw, 500px\" \/>\t\t\t\t\t\t\t\t\t\t\t\t\t\t\t<\/div>\n\t\t\t\t<\/div>\n\t\t<div class=\"elementor-element elementor-element-7688405 e-con-full e-flex e-con e-child\" data-id=\"7688405\" data-element_type=\"container\" data-e-type=\"container\">\n\t\t<div class=\"elementor-element elementor-element-9cc94d6 e-con-full e-flex e-con e-child\" data-id=\"9cc94d6\" data-element_type=\"container\" data-e-type=\"container\">\n\t\t\t\t<div class=\"elementor-element elementor-element-812d1eb elementor-widget elementor-widget-heading\" data-id=\"812d1eb\" data-element_type=\"widget\" data-e-type=\"widget\" data-widget_type=\"heading.default\">\n\t\t\t\t\t<h2 class=\"elementor-heading-title elementor-size-default\">Systemy nalewania<\/h2>\t\t\t\t<\/div>\n\t\t\t\t<\/div>\n\t\t<div class=\"elementor-element elementor-element-2f70a1e e-con-full e-flex e-con e-child\" data-id=\"2f70a1e\" data-element_type=\"container\" data-e-type=\"container\">\n\t\t\t\t<div class=\"elementor-element elementor-element-f592867 elementor-widget elementor-widget-text-editor\" data-id=\"f592867\" data-element_type=\"widget\" data-e-type=\"widget\" data-widget_type=\"text-editor.default\">\n\t\t\t\t\t\t\t\t\t<p>Projektujemy i realizujemy systemy nalewania przeznaczone do pracy w warunkach przemys\u0142owych, dostosowane do r\u00f3\u017cnych typ\u00f3w opakowa\u0144, produkt\u00f3w oraz wymaga\u0144 procesowych. Ka\u017cde rozwi\u0105zanie opracowywane jest indywidualnie, z uwzgl\u0119dnieniem bezpiecze\u0144stwa, dok\u0142adno\u015bci dozowania oraz integracji z istniej\u0105c\u0105 lini\u0105 technologiczn\u0105.<\/p>\t\t\t\t\t\t\t\t<\/div>\n\t\t\t\t<\/div>\n\t\t\t\t<\/div>\n\t\t\t\t\t<\/div>\n\t\t\t\t<\/div>\n\t\t<div class=\"elementor-element elementor-element-5ae2068 e-flex e-con-boxed e-con e-parent\" data-id=\"5ae2068\" data-element_type=\"container\" data-e-type=\"container\">\n\t\t\t\t\t<div class=\"e-con-inner\">\n\t\t\t\t<div class=\"elementor-element elementor-element-6db3899 elementor-widget elementor-widget-spacer\" data-id=\"6db3899\" data-element_type=\"widget\" data-e-type=\"widget\" data-widget_type=\"spacer.default\">\n\t\t\t\t\t\t\t<div class=\"elementor-spacer\">\n\t\t\t<div class=\"elementor-spacer-inner\"><\/div>\n\t\t<\/div>\n\t\t\t\t\t\t<\/div>\n\t\t\t\t\t<\/div>\n\t\t\t\t<\/div>\n\t\t<div class=\"elementor-element elementor-element-737d0d2 e-flex e-con-boxed e-con e-parent\" data-id=\"737d0d2\" data-element_type=\"container\" data-e-type=\"container\" data-settings=\"{&quot;background_background&quot;:&quot;classic&quot;}\">\n\t\t\t\t\t<div class=\"e-con-inner\">\n\t\t<div class=\"elementor-element elementor-element-fade15e e-con-full e-flex e-con e-child\" data-id=\"fade15e\" data-element_type=\"container\" data-e-type=\"container\" data-settings=\"{&quot;background_background&quot;:&quot;classic&quot;}\">\n\t\t<div class=\"elementor-element elementor-element-81ad92a e-con-full e-flex e-con e-child\" data-id=\"81ad92a\" data-element_type=\"container\" data-e-type=\"container\">\n\t\t\t\t<div class=\"elementor-element elementor-element-e8df58c elementor-widget elementor-widget-heading\" data-id=\"e8df58c\" data-element_type=\"widget\" data-e-type=\"widget\" data-widget_type=\"heading.default\">\n\t\t\t\t\t<h6 class=\"elementor-heading-title elementor-size-default\">Nalewaczki automatyczne<\/h6>\t\t\t\t<\/div>\n\t\t\t\t<div class=\"elementor-element elementor-element-df37211 elementor-widget elementor-widget-text-editor\" data-id=\"df37211\" data-element_type=\"widget\" data-e-type=\"widget\" data-widget_type=\"text-editor.default\">\n\t\t\t\t\t\t\t\t\t<p>Nalewaczki automatyczne przeznaczone s\u0105 do pracy w liniach produkcyjnych wymagaj\u0105cych wysokiej wydajno\u015bci, powtarzalno\u015bci oraz minimalnego udzia\u0142u operatora. Systemy te zapewniaj\u0105 pe\u0142n\u0105 automatyzacj\u0119 procesu nalewania, pozycjonowania opakowa\u0144 oraz sterowania cyklem pracy.<\/p><p>Rozwi\u0105zania automatyczne umo\u017cliwiaj\u0105:<\/p><ul><li>precyzyjne dozowanie medium,<\/li><li>wysok\u0105 powtarzalno\u015b\u0107 nape\u0142nie\u0144,<\/li><li>integracj\u0119 z systemami transportu i pakowania,<\/li><li>ograniczenie ryzyka b\u0142\u0119d\u00f3w operatorskich.<\/li><\/ul>\t\t\t\t\t\t\t\t<\/div>\n\t\t\t\t<\/div>\n\t\t<div class=\"elementor-element elementor-element-65954ea e-con-full e-flex e-con e-child\" data-id=\"65954ea\" data-element_type=\"container\" data-e-type=\"container\" data-settings=\"{&quot;background_background&quot;:&quot;classic&quot;}\">\n\t\t\t\t<\/div>\n\t\t<div class=\"elementor-element elementor-element-f8a1e52 e-con-full e-flex e-con e-child\" data-id=\"f8a1e52\" data-element_type=\"container\" data-e-type=\"container\">\n\t\t\t\t<div class=\"elementor-element elementor-element-f9055e6 elementor-widget elementor-widget-heading\" data-id=\"f9055e6\" data-element_type=\"widget\" data-e-type=\"widget\" data-widget_type=\"heading.default\">\n\t\t\t\t\t<h6 class=\"elementor-heading-title elementor-size-default\">Nalewaczki p\u00f3\u0142automatyczne<\/h6>\t\t\t\t<\/div>\n\t\t\t\t<div class=\"elementor-element elementor-element-7101f00 elementor-widget elementor-widget-text-editor\" data-id=\"7101f00\" data-element_type=\"widget\" data-e-type=\"widget\" data-widget_type=\"text-editor.default\">\n\t\t\t\t\t\t\t\t\t<p>Nalewaczki p\u00f3\u0142automatyczne stanowi\u0105 elastyczne rozwi\u0105zanie dla produkcji ma\u0142o i \u015brednioseryjnej. Proces nalewania realizowany jest przy udziale operatora, przy jednoczesnym zachowaniu kontroli nad parametrami dozowania i bezpiecze\u0144stwem pracy.<\/p><p>Rozwi\u0105zania te sprawdzaj\u0105 si\u0119 tam, gdzie istotna jest:<\/p><ul><li>zmienno\u015b\u0107 asortymentu,<\/li><li>szybka zmiana opakowa\u0144,<\/li><li>prosta obs\u0142uga i kr\u00f3tki czas przezbrojenia.<\/li><\/ul>\t\t\t\t\t\t\t\t<\/div>\n\t\t\t\t<\/div>\n\t\t\t\t<\/div>\n\t\t\t\t\t<\/div>\n\t\t\t\t<\/div>\n\t\t<div class=\"elementor-element elementor-element-7ef53e0 e-flex e-con-boxed e-con e-parent\" data-id=\"7ef53e0\" data-element_type=\"container\" data-e-type=\"container\">\n\t\t\t\t\t<div class=\"e-con-inner\">\n\t\t\t\t<div class=\"elementor-element elementor-element-d0bd5c4 elementor-widget elementor-widget-spacer\" data-id=\"d0bd5c4\" data-element_type=\"widget\" data-e-type=\"widget\" data-widget_type=\"spacer.default\">\n\t\t\t\t\t\t\t<div class=\"elementor-spacer\">\n\t\t\t<div class=\"elementor-spacer-inner\"><\/div>\n\t\t<\/div>\n\t\t\t\t\t\t<\/div>\n\t\t\t\t\t<\/div>\n\t\t\t\t<\/div>\n\t\t<div class=\"elementor-element elementor-element-56fc000 e-flex e-con-boxed e-con e-parent\" data-id=\"56fc000\" data-element_type=\"container\" data-e-type=\"container\">\n\t\t\t\t\t<div class=\"e-con-inner\">\n\t\t<div class=\"elementor-element elementor-element-c29a114 e-con-full e-flex e-con e-child\" data-id=\"c29a114\" data-element_type=\"container\" data-e-type=\"container\">\n\t\t\t\t<div class=\"elementor-element elementor-element-66d9e55 elementor-widget elementor-widget-image\" data-id=\"66d9e55\" data-element_type=\"widget\" data-e-type=\"widget\" data-widget_type=\"image.default\">\n\t\t\t\t\t\t\t\t\t\t\t\t\t\t\t<img decoding=\"async\" width=\"500\" height=\"333\" src=\"https:\/\/brenal.com\/wp-content\/uploads\/2026\/01\/filling_1.jpg\" class=\"attachment-large size-large wp-image-1349\" alt=\"\" srcset=\"https:\/\/brenal.com\/wp-content\/uploads\/2026\/01\/filling_1.jpg 500w, https:\/\/brenal.com\/wp-content\/uploads\/2026\/01\/filling_1-300x200.jpg 300w, https:\/\/brenal.com\/wp-content\/uploads\/2026\/01\/filling_1-18x12.jpg 18w\" sizes=\"(max-width: 500px) 100vw, 500px\" \/>\t\t\t\t\t\t\t\t\t\t\t\t\t\t\t<\/div>\n\t\t\t\t<\/div>\n\t\t<div class=\"elementor-element elementor-element-48e424c e-con-full e-flex e-con e-child\" data-id=\"48e424c\" data-element_type=\"container\" data-e-type=\"container\">\n\t\t<div class=\"elementor-element elementor-element-4ba289d e-con-full e-flex e-con e-child\" data-id=\"4ba289d\" data-element_type=\"container\" data-e-type=\"container\">\n\t\t\t\t<div class=\"elementor-element elementor-element-2e10173 elementor-widget elementor-widget-heading\" data-id=\"2e10173\" data-element_type=\"widget\" data-e-type=\"widget\" data-widget_type=\"heading.default\">\n\t\t\t\t\t<h6 class=\"elementor-heading-title elementor-size-default\">Nalewanie do r\u00f3\u017cnych typ\u00f3w opakowa\u0144<\/h6>\t\t\t\t<\/div>\n\t\t\t\t<\/div>\n\t\t<div class=\"elementor-element elementor-element-c80f4b6 e-con-full e-flex e-con e-child\" data-id=\"c80f4b6\" data-element_type=\"container\" data-e-type=\"container\">\n\t\t\t\t<div class=\"elementor-element elementor-element-115a14b elementor-widget elementor-widget-text-editor\" data-id=\"115a14b\" data-element_type=\"widget\" data-e-type=\"widget\" data-widget_type=\"text-editor.default\">\n\t\t\t\t\t\t\t\t\t<p>Projektowane przez nas nalewaczki s\u0105 dostosowane do pracy z r\u00f3\u017cnymi typami opakowa\u0144, w tym:<\/p><ul><li>paletopojemniki (IBC),<\/li><li>beczki,<\/li><li>kanistry,<\/li><li>butelki i mniejsze pojemniki.<\/li><\/ul><p>Konstrukcja urz\u0105dze\u0144 uwzgl\u0119dnia stabilno\u015b\u0107 opakowa\u0144, ergonomi\u0119 obs\u0142ugi oraz mo\u017cliwo\u015b\u0107 szybkiego dostosowania do r\u00f3\u017cnych format\u00f3w.<\/p>\t\t\t\t\t\t\t\t<\/div>\n\t\t\t\t<\/div>\n\t\t\t\t<\/div>\n\t\t\t\t\t<\/div>\n\t\t\t\t<\/div>\n\t\t<div class=\"elementor-element elementor-element-5765ba9 e-flex e-con-boxed e-con e-parent\" data-id=\"5765ba9\" data-element_type=\"container\" data-e-type=\"container\">\n\t\t\t\t\t<div class=\"e-con-inner\">\n\t\t<div class=\"elementor-element elementor-element-f614f8d e-con-full e-flex e-con e-child\" data-id=\"f614f8d\" data-element_type=\"container\" data-e-type=\"container\">\n\t\t\t\t<div class=\"elementor-element elementor-element-51bd27a elementor-widget elementor-widget-image\" data-id=\"51bd27a\" data-element_type=\"widget\" data-e-type=\"widget\" data-widget_type=\"image.default\">\n\t\t\t\t\t\t\t\t\t\t\t\t\t\t\t<img decoding=\"async\" width=\"500\" height=\"333\" src=\"https:\/\/brenal.com\/wp-content\/uploads\/2026\/01\/filling_2.jpg\" class=\"attachment-large size-large wp-image-1350\" alt=\"\" srcset=\"https:\/\/brenal.com\/wp-content\/uploads\/2026\/01\/filling_2.jpg 500w, https:\/\/brenal.com\/wp-content\/uploads\/2026\/01\/filling_2-300x200.jpg 300w, https:\/\/brenal.com\/wp-content\/uploads\/2026\/01\/filling_2-18x12.jpg 18w\" sizes=\"(max-width: 500px) 100vw, 500px\" \/>\t\t\t\t\t\t\t\t\t\t\t\t\t\t\t<\/div>\n\t\t\t\t<\/div>\n\t\t<div class=\"elementor-element elementor-element-c6382eb e-con-full e-flex e-con e-child\" data-id=\"c6382eb\" data-element_type=\"container\" data-e-type=\"container\">\n\t\t<div class=\"elementor-element elementor-element-89a94db e-con-full e-flex e-con e-child\" data-id=\"89a94db\" data-element_type=\"container\" data-e-type=\"container\">\n\t\t\t\t<div class=\"elementor-element elementor-element-2ee65d0 elementor-widget elementor-widget-heading\" data-id=\"2ee65d0\" data-element_type=\"widget\" data-e-type=\"widget\" data-widget_type=\"heading.default\">\n\t\t\t\t\t<h6 class=\"elementor-heading-title elementor-size-default\">Produkty niebezpieczne i wymagaj\u0105ce<\/h6>\t\t\t\t<\/div>\n\t\t\t\t<\/div>\n\t\t<div class=\"elementor-element elementor-element-c960a47 e-con-full e-flex e-con e-child\" data-id=\"c960a47\" data-element_type=\"container\" data-e-type=\"container\">\n\t\t\t\t<div class=\"elementor-element elementor-element-15dc330 elementor-widget elementor-widget-text-editor\" data-id=\"15dc330\" data-element_type=\"widget\" data-e-type=\"widget\" data-widget_type=\"text-editor.default\">\n\t\t\t\t\t\t\t\t\t<p>Systemy nalewania projektujemy z my\u015bl\u0105 o pracy z produktami wymagaj\u0105cymi szczeg\u00f3lnych \u015brodk\u00f3w ostro\u017cno\u015bci, w tym:<\/p><ul><li>substancjami niebezpiecznymi,<\/li><li>mediami pieni\u0105cymi si\u0119,<\/li><li>produktami agresywnymi chemicznie,<\/li><li>cieczami o podwy\u017cszonej lepko\u015bci.<\/li><\/ul><p>Uwzgl\u0119dniamy rozwi\u0105zania ograniczaj\u0105ce pienienie, rozchlapywanie oraz emisj\u0119 opar\u00f3w, a tak\u017ce wymagania wynikaj\u0105ce z przepis\u00f3w BHP i ATEX (je\u017celi dotyczy).<\/p>\t\t\t\t\t\t\t\t<\/div>\n\t\t\t\t<\/div>\n\t\t\t\t<\/div>\n\t\t\t\t\t<\/div>\n\t\t\t\t<\/div>\n\t\t<div class=\"elementor-element elementor-element-5fc68db e-flex e-con-boxed e-con e-parent\" data-id=\"5fc68db\" data-element_type=\"container\" data-e-type=\"container\">\n\t\t\t\t\t<div class=\"e-con-inner\">\n\t\t\t\t<div class=\"elementor-element elementor-element-a36f29b elementor-widget elementor-widget-spacer\" data-id=\"a36f29b\" data-element_type=\"widget\" data-e-type=\"widget\" data-widget_type=\"spacer.default\">\n\t\t\t\t\t\t\t<div class=\"elementor-spacer\">\n\t\t\t<div class=\"elementor-spacer-inner\"><\/div>\n\t\t<\/div>\n\t\t\t\t\t\t<\/div>\n\t\t\t\t\t<\/div>\n\t\t\t\t<\/div>\n\t\t<div class=\"elementor-element elementor-element-ffc422c e-flex e-con-boxed e-con e-parent\" data-id=\"ffc422c\" data-element_type=\"container\" data-e-type=\"container\" data-settings=\"{&quot;background_background&quot;:&quot;classic&quot;}\">\n\t\t\t\t\t<div class=\"e-con-inner\">\n\t\t<div class=\"elementor-element elementor-element-8692bd9 e-con-full e-flex e-con e-child\" data-id=\"8692bd9\" data-element_type=\"container\" data-e-type=\"container\" data-settings=\"{&quot;background_background&quot;:&quot;classic&quot;}\">\n\t\t<div class=\"elementor-element elementor-element-242bc29 e-con-full e-flex e-con e-child\" data-id=\"242bc29\" data-element_type=\"container\" data-e-type=\"container\">\n\t\t\t\t<div class=\"elementor-element elementor-element-66e126c elementor-widget elementor-widget-heading\" data-id=\"66e126c\" data-element_type=\"widget\" data-e-type=\"widget\" data-widget_type=\"heading.default\">\n\t\t\t\t\t<h6 class=\"elementor-heading-title elementor-size-default\">Dok\u0142adno\u015b\u0107 i bezpiecze\u0144stwo procesu<\/h6>\t\t\t\t<\/div>\n\t\t\t\t<div class=\"elementor-element elementor-element-0a81d74 elementor-widget elementor-widget-text-editor\" data-id=\"0a81d74\" data-element_type=\"widget\" data-e-type=\"widget\" data-widget_type=\"text-editor.default\">\n\t\t\t\t\t\t\t\t\tKa\u017cda nalewaczka projektowana jest z naciskiem na:\n<ul><br>\n \t<li>dok\u0142adno\u015b\u0107 dozowania,<\/li>\n \t<li>bezpiecze\u0144stwo operatora,<\/li>\n \t<li>szczelno\u015b\u0107 i czysto\u015b\u0107 procesu,<\/li>\n \t<li>zgodno\u015b\u0107 z obowi\u0105zuj\u0105cymi normami i przepisami.<\/li>\n<\/ul><br>\nSystemy wyposa\u017cane s\u0105 w odpowiednie zabezpieczenia, czujniki oraz elementy steruj\u0105ce, zapewniaj\u0105ce stabiln\u0105 i bezpieczn\u0105 prac\u0119 urz\u0105dzenia.\t\t\t\t\t\t\t\t<\/div>\n\t\t\t\t<\/div>\n\t\t<div class=\"elementor-element elementor-element-4a31056 e-con-full e-flex e-con e-child\" data-id=\"4a31056\" data-element_type=\"container\" data-e-type=\"container\" data-settings=\"{&quot;background_background&quot;:&quot;classic&quot;}\">\n\t\t\t\t<\/div>\n\t\t<div class=\"elementor-element elementor-element-a440303 e-con-full e-flex e-con e-child\" data-id=\"a440303\" data-element_type=\"container\" data-e-type=\"container\">\n\t\t\t\t<div class=\"elementor-element elementor-element-13b7cb2 elementor-widget elementor-widget-heading\" data-id=\"13b7cb2\" data-element_type=\"widget\" data-e-type=\"widget\" data-widget_type=\"heading.default\">\n\t\t\t\t\t<h6 class=\"elementor-heading-title elementor-size-default\">Integracja z instalacj\u0105 technologiczn\u0105<\/h6>\t\t\t\t<\/div>\n\t\t\t\t<div class=\"elementor-element elementor-element-885c01d elementor-widget elementor-widget-text-editor\" data-id=\"885c01d\" data-element_type=\"widget\" data-e-type=\"widget\" data-widget_type=\"text-editor.default\">\n\t\t\t\t\t\t\t\t\t<p>Nalewaczki mog\u0105 by\u0107 realizowane jako samodzielne stanowiska lub jako element wi\u0119kszej linii technologicznej. Zapewniamy integracj\u0119 z:<\/p><ul><li>automatyk\u0105 i systemami sterowania,<\/li><li>instalacjami zasilaj\u0105cymi i odbiorczymi,<\/li><li>systemami bezpiecze\u0144stwa i kontroli procesu.<\/li><\/ul>\t\t\t\t\t\t\t\t<\/div>\n\t\t\t\t<\/div>\n\t\t\t\t<\/div>\n\t\t\t\t\t<\/div>\n\t\t\t\t<\/div>\n\t\t<div class=\"elementor-element elementor-element-fa64ae1 e-flex e-con-boxed e-con e-parent\" data-id=\"fa64ae1\" data-element_type=\"container\" data-e-type=\"container\">\n\t\t\t\t\t<div class=\"e-con-inner\">\n\t\t\t\t<div class=\"elementor-element elementor-element-72f2e44 elementor-widget elementor-widget-spacer\" data-id=\"72f2e44\" data-element_type=\"widget\" data-e-type=\"widget\" data-widget_type=\"spacer.default\">\n\t\t\t\t\t\t\t<div class=\"elementor-spacer\">\n\t\t\t<div class=\"elementor-spacer-inner\"><\/div>\n\t\t<\/div>\n\t\t\t\t\t\t<\/div>\n\t\t\t\t\t<\/div>\n\t\t\t\t<\/div>\n\t\t\t\t<\/div>","protected":false},"excerpt":{"rendered":"<p>Filling machines Filling systems We design and deliver filling systems intended for industrial applications, tailored to various types of containers, products, and process requirements. Each solution is developed individually, with a strong focus on safety, dosing accuracy, and integration with existing production lines. Automatic filling systems Automatic filling systems are designed for production lines requiring [&hellip;]<\/p>\n","protected":false},"author":1,"featured_media":0,"parent":0,"menu_order":0,"comment_status":"closed","ping_status":"closed","template":"","meta":{"footnotes":""},"class_list":["post-1258","page","type-page","status-publish","hentry"],"_links":{"self":[{"href":"https:\/\/brenal.com\/pl\/wp-json\/wp\/v2\/pages\/1258","targetHints":{"allow":["GET"]}}],"collection":[{"href":"https:\/\/brenal.com\/pl\/wp-json\/wp\/v2\/pages"}],"about":[{"href":"https:\/\/brenal.com\/pl\/wp-json\/wp\/v2\/types\/page"}],"author":[{"embeddable":true,"href":"https:\/\/brenal.com\/pl\/wp-json\/wp\/v2\/users\/1"}],"replies":[{"embeddable":true,"href":"https:\/\/brenal.com\/pl\/wp-json\/wp\/v2\/comments?post=1258"}],"version-history":[{"count":97,"href":"https:\/\/brenal.com\/pl\/wp-json\/wp\/v2\/pages\/1258\/revisions"}],"predecessor-version":[{"id":1813,"href":"https:\/\/brenal.com\/pl\/wp-json\/wp\/v2\/pages\/1258\/revisions\/1813"}],"wp:attachment":[{"href":"https:\/\/brenal.com\/pl\/wp-json\/wp\/v2\/media?parent=1258"}],"curies":[{"name":"wp","href":"https:\/\/api.w.org\/{rel}","templated":true}]}}