{"id":1035,"date":"2026-01-23T13:12:19","date_gmt":"2026-01-23T13:12:19","guid":{"rendered":"https:\/\/brenal.hosting24.pl\/26\/?page_id=1035"},"modified":"2026-01-23T13:57:35","modified_gmt":"2026-01-23T13:57:35","slug":"organizational-structure","status":"publish","type":"page","link":"https:\/\/brenal.com\/pl\/organizational-structure\/","title":{"rendered":"Struktura organizacyjna"},"content":{"rendered":"<div data-elementor-type=\"wp-page\" data-elementor-id=\"1035\" class=\"elementor elementor-1035\" data-elementor-post-type=\"page\">\n\t\t\t\t<div class=\"elementor-element elementor-element-065e8bd e-con-full e-flex e-con e-parent\" data-id=\"065e8bd\" data-element_type=\"container\" data-e-type=\"container\">\n\t\t\t\t<\/div>\n\t\t<div class=\"elementor-element elementor-element-cdde5ed e-flex e-con-boxed e-con e-parent\" data-id=\"cdde5ed\" data-element_type=\"container\" data-e-type=\"container\">\n\t\t\t\t\t<div class=\"e-con-inner\">\n\t\t\t\t<div class=\"elementor-element elementor-element-b396cb4 elementor-widget elementor-widget-spacer\" data-id=\"b396cb4\" data-element_type=\"widget\" data-e-type=\"widget\" data-widget_type=\"spacer.default\">\n\t\t\t\t\t\t\t<div class=\"elementor-spacer\">\n\t\t\t<div class=\"elementor-spacer-inner\"><\/div>\n\t\t<\/div>\n\t\t\t\t\t\t<\/div>\n\t\t\t\t\t<\/div>\n\t\t\t\t<\/div>\n\t\t<div class=\"elementor-element elementor-element-e67a1cd e-flex e-con-boxed e-con e-parent\" data-id=\"e67a1cd\" data-element_type=\"container\" data-e-type=\"container\">\n\t\t\t\t\t<div class=\"e-con-inner\">\n\t\t<div class=\"elementor-element elementor-element-e5bfbe2 e-con-full e-flex e-con e-child\" data-id=\"e5bfbe2\" data-element_type=\"container\" data-e-type=\"container\">\n\t\t<div class=\"elementor-element elementor-element-046e9c1 e-con-full e-flex e-con e-child\" data-id=\"046e9c1\" data-element_type=\"container\" data-e-type=\"container\">\n\t\t\t\t<div class=\"elementor-element elementor-element-21b1389 elementor-widget elementor-widget-heading\" data-id=\"21b1389\" data-element_type=\"widget\" data-e-type=\"widget\" data-widget_type=\"heading.default\">\n\t\t\t\t\t<h2 class=\"elementor-heading-title elementor-size-default\">Jasna i przejrzysta struktura<\/h2>\t\t\t\t<\/div>\n\t\t\t\t<\/div>\n\t\t<div class=\"elementor-element elementor-element-8929e58 e-con-full e-flex e-con e-child\" data-id=\"8929e58\" data-element_type=\"container\" data-e-type=\"container\">\n\t\t\t\t<div class=\"elementor-element elementor-element-80f7e3a elementor-widget elementor-widget-text-editor\" data-id=\"80f7e3a\" data-element_type=\"widget\" data-e-type=\"widget\" data-widget_type=\"text-editor.default\">\n\t\t\t\t\t\t\t\t\t<p>Brenal to firma rodzinna, kt\u00f3rej struktura organizacyjna wspiera codzienn\u0105 wsp\u00f3\u0142prac\u0119 oraz sprawne podejmowanie decyzji. Od samego pocz\u0105tku stawiamy na jasny podzia\u0142 r\u00f3l i odpowiedzialno\u015bci, co pozwala naszym zespo\u0142om dzia\u0142a\u0107 efektywnie i w spos\u00f3b dobrze zorganizowany. Takie podej\u015bcie zapewnia stabilno\u015b\u0107 zar\u00f3wno naszym pracownikom, jak i klientom.<\/p>\t\t\t\t\t\t\t\t<\/div>\n\t\t\t\t<\/div>\n\t\t\t\t<\/div>\n\t\t<div class=\"elementor-element elementor-element-66c24cb e-con-full e-flex e-con e-child\" data-id=\"66c24cb\" data-element_type=\"container\" data-e-type=\"container\">\n\t\t\t\t<\/div>\n\t\t\t\t\t<\/div>\n\t\t\t\t<\/div>\n\t\t<div class=\"elementor-element elementor-element-c76a213 e-flex e-con-boxed e-con e-parent\" data-id=\"c76a213\" data-element_type=\"container\" data-e-type=\"container\">\n\t\t\t\t\t<div class=\"e-con-inner\">\n\t\t\t\t<div class=\"elementor-element elementor-element-d2f2aaf elementor-widget elementor-widget-spacer\" data-id=\"d2f2aaf\" data-element_type=\"widget\" data-e-type=\"widget\" data-widget_type=\"spacer.default\">\n\t\t\t\t\t\t\t<div class=\"elementor-spacer\">\n\t\t\t<div class=\"elementor-spacer-inner\"><\/div>\n\t\t<\/div>\n\t\t\t\t\t\t<\/div>\n\t\t\t\t\t<\/div>\n\t\t\t\t<\/div>\n\t\t<div class=\"elementor-element elementor-element-c3c2ea9 e-flex e-con-boxed e-con e-parent\" data-id=\"c3c2ea9\" data-element_type=\"container\" data-e-type=\"container\" data-settings=\"{&quot;background_background&quot;:&quot;classic&quot;}\">\n\t\t\t\t\t<div class=\"e-con-inner\">\n\t\t\t\t<div class=\"elementor-element elementor-element-c8a6a88 elementor-widget elementor-widget-spacer\" data-id=\"c8a6a88\" data-element_type=\"widget\" data-e-type=\"widget\" data-widget_type=\"spacer.default\">\n\t\t\t\t\t\t\t<div class=\"elementor-spacer\">\n\t\t\t<div class=\"elementor-spacer-inner\"><\/div>\n\t\t<\/div>\n\t\t\t\t\t\t<\/div>\n\t\t<div class=\"elementor-element elementor-element-b009ca3 e-con-full e-flex e-con e-child\" data-id=\"b009ca3\" data-element_type=\"container\" data-e-type=\"container\">\n\t\t<div class=\"elementor-element elementor-element-c4e672d e-con-full e-flex e-con e-child\" data-id=\"c4e672d\" data-element_type=\"container\" data-e-type=\"container\">\n\t\t<div class=\"elementor-element elementor-element-f098cc0 e-con-full e-flex e-con e-child\" data-id=\"f098cc0\" data-element_type=\"container\" data-e-type=\"container\">\n\t\t\t\t<div class=\"elementor-element elementor-element-e0c80db elementor-widget elementor-widget-heading\" data-id=\"e0c80db\" data-element_type=\"widget\" data-e-type=\"widget\" data-widget_type=\"heading.default\">\n\t\t\t\t\t<h2 class=\"elementor-heading-title elementor-size-default\">Kierunek i odpowiedzialno\u015b\u0107<\/h2>\t\t\t\t<\/div>\n\t\t\t\t<\/div>\n\t\t<div class=\"elementor-element elementor-element-e945056 e-con-full e-flex e-con e-child\" data-id=\"e945056\" data-element_type=\"container\" data-e-type=\"container\">\n\t\t\t\t<div class=\"elementor-element elementor-element-e81cebc elementor-widget elementor-widget-text-editor\" data-id=\"e81cebc\" data-element_type=\"widget\" data-e-type=\"widget\" data-widget_type=\"text-editor.default\">\n\t\t\t\t\t\t\t\t\t<p>Zarz\u0105d wyznacza kierunki rozwoju sp\u00f3\u0142ki oraz nadzoruje ich realizacj\u0119, kieruj\u0105c si\u0119 d\u0142ugoterminow\u0105 perspektyw\u0105 i odpowiedzialno\u015bci\u0105 za ca\u0142\u0105 organizacj\u0119. Jako firma rodzinna podejmujemy decyzje z my\u015bl\u0105 o przysz\u0142o\u015bci, nie tylko naszych projekt\u00f3w, lecz tak\u017ce zespo\u0142\u00f3w, kt\u00f3re je realizuj\u0105.<\/p>\t\t\t\t\t\t\t\t<\/div>\n\t\t\t\t<\/div>\n\t\t\t\t<\/div>\n\t\t<div class=\"elementor-element elementor-element-50872e0 e-con-full e-flex e-con e-child\" data-id=\"50872e0\" data-element_type=\"container\" data-e-type=\"container\">\n\t\t\t\t<div class=\"elementor-element elementor-element-5ec435d elementor-widget elementor-widget-image\" data-id=\"5ec435d\" data-element_type=\"widget\" data-e-type=\"widget\" data-widget_type=\"image.default\">\n\t\t\t\t\t\t\t\t\t\t\t\t\t\t\t<img fetchpriority=\"high\" decoding=\"async\" width=\"500\" height=\"333\" src=\"https:\/\/brenal.com\/wp-content\/uploads\/2026\/01\/structure_1.jpg\" class=\"attachment-full size-full wp-image-1062\" alt=\"\" srcset=\"https:\/\/brenal.com\/wp-content\/uploads\/2026\/01\/structure_1.jpg 500w, https:\/\/brenal.com\/wp-content\/uploads\/2026\/01\/structure_1-300x200.jpg 300w, https:\/\/brenal.com\/wp-content\/uploads\/2026\/01\/structure_1-18x12.jpg 18w\" sizes=\"(max-width: 500px) 100vw, 500px\" \/>\t\t\t\t\t\t\t\t\t\t\t\t\t\t\t<\/div>\n\t\t\t\t<\/div>\n\t\t\t\t<\/div>\n\t\t\t\t<div class=\"elementor-element elementor-element-8598531 elementor-widget elementor-widget-spacer\" data-id=\"8598531\" data-element_type=\"widget\" data-e-type=\"widget\" data-widget_type=\"spacer.default\">\n\t\t\t\t\t\t\t<div class=\"elementor-spacer\">\n\t\t\t<div class=\"elementor-spacer-inner\"><\/div>\n\t\t<\/div>\n\t\t\t\t\t\t<\/div>\n\t\t\t\t\t<\/div>\n\t\t\t\t<\/div>\n\t\t<div class=\"elementor-element elementor-element-aad3849 e-flex e-con-boxed e-con e-parent\" data-id=\"aad3849\" data-element_type=\"container\" data-e-type=\"container\">\n\t\t\t\t\t<div class=\"e-con-inner\">\n\t\t\t\t<div class=\"elementor-element elementor-element-40852c6 elementor-widget elementor-widget-spacer\" data-id=\"40852c6\" data-element_type=\"widget\" data-e-type=\"widget\" data-widget_type=\"spacer.default\">\n\t\t\t\t\t\t\t<div class=\"elementor-spacer\">\n\t\t\t<div class=\"elementor-spacer-inner\"><\/div>\n\t\t<\/div>\n\t\t\t\t\t\t<\/div>\n\t\t\t\t\t<\/div>\n\t\t\t\t<\/div>\n\t\t<div class=\"elementor-element elementor-element-d108cd5 e-flex e-con-boxed e-con e-parent\" data-id=\"d108cd5\" data-element_type=\"container\" data-e-type=\"container\">\n\t\t\t\t\t<div class=\"e-con-inner\">\n\t\t<div class=\"elementor-element elementor-element-1abf2d3 e-con-full e-flex e-con e-child\" data-id=\"1abf2d3\" data-element_type=\"container\" data-e-type=\"container\">\n\t\t<div class=\"elementor-element elementor-element-2575f84 e-con-full e-flex e-con e-child\" data-id=\"2575f84\" data-element_type=\"container\" data-e-type=\"container\">\n\t\t<div class=\"elementor-element elementor-element-a7c99fa e-con-full e-flex e-con e-child\" data-id=\"a7c99fa\" data-element_type=\"container\" data-e-type=\"container\">\n\t\t\t\t<div class=\"elementor-element elementor-element-6bf514a elementor-widget elementor-widget-heading\" data-id=\"6bf514a\" data-element_type=\"widget\" data-e-type=\"widget\" data-widget_type=\"heading.default\">\n\t\t\t\t\t<h2 class=\"elementor-heading-title elementor-size-default\">Wsp\u00f3\u0142praca zespo\u0142owa<\/h2>\t\t\t\t<\/div>\n\t\t\t\t<\/div>\n\t\t<div class=\"elementor-element elementor-element-d2d421d e-con-full e-flex e-con e-child\" data-id=\"d2d421d\" data-element_type=\"container\" data-e-type=\"container\">\n\t\t\t\t<div class=\"elementor-element elementor-element-3c856ed elementor-widget elementor-widget-text-editor\" data-id=\"3c856ed\" data-element_type=\"widget\" data-e-type=\"widget\" data-widget_type=\"text-editor.default\">\n\t\t\t\t\t\t\t\t\t<p>Dzia\u0142alno\u015b\u0107 Brenal opiera si\u0119 na zespo\u0142ach o jasno okre\u015blonych kompetencjach, obejmuj\u0105cych produkcj\u0119, in\u017cynieri\u0119, automatyk\u0119, kontrol\u0119 jako\u015bci, logistyk\u0119, finanse oraz sprzeda\u017c. \u015acis\u0142a wsp\u00f3\u0142praca mi\u0119dzy dzia\u0142ami pozwala nam szybko reagowa\u0107 na potrzeby klient\u00f3w i z powodzeniem realizowa\u0107 nawet najbardziej wymagaj\u0105ce projekty.<\/p>\t\t\t\t\t\t\t\t<\/div>\n\t\t\t\t<\/div>\n\t\t\t\t<\/div>\n\t\t<div class=\"elementor-element elementor-element-fb3b061 e-con-full e-flex e-con e-child\" data-id=\"fb3b061\" data-element_type=\"container\" data-e-type=\"container\">\n\t\t\t\t<\/div>\n\t\t\t\t<\/div>\n\t\t\t\t\t<\/div>\n\t\t\t\t<\/div>\n\t\t<div class=\"elementor-element elementor-element-f4dffd2 e-flex e-con-boxed e-con e-parent\" data-id=\"f4dffd2\" data-element_type=\"container\" data-e-type=\"container\">\n\t\t\t\t\t<div class=\"e-con-inner\">\n\t\t\t\t<div class=\"elementor-element elementor-element-a89fd52 elementor-widget elementor-widget-spacer\" data-id=\"a89fd52\" data-element_type=\"widget\" data-e-type=\"widget\" data-widget_type=\"spacer.default\">\n\t\t\t\t\t\t\t<div class=\"elementor-spacer\">\n\t\t\t<div class=\"elementor-spacer-inner\"><\/div>\n\t\t<\/div>\n\t\t\t\t\t\t<\/div>\n\t\t\t\t\t<\/div>\n\t\t\t\t<\/div>\n\t\t<div class=\"elementor-element elementor-element-220f8c0 e-flex e-con-boxed e-con e-parent\" data-id=\"220f8c0\" data-element_type=\"container\" data-e-type=\"container\" data-settings=\"{&quot;background_background&quot;:&quot;classic&quot;}\">\n\t\t\t\t\t<div class=\"e-con-inner\">\n\t\t\t\t<div class=\"elementor-element elementor-element-cebd4a8 elementor-widget elementor-widget-spacer\" data-id=\"cebd4a8\" data-element_type=\"widget\" data-e-type=\"widget\" data-widget_type=\"spacer.default\">\n\t\t\t\t\t\t\t<div class=\"elementor-spacer\">\n\t\t\t<div class=\"elementor-spacer-inner\"><\/div>\n\t\t<\/div>\n\t\t\t\t\t\t<\/div>\n\t\t<div class=\"elementor-element elementor-element-a76fb48 e-con-full e-flex e-con e-child\" data-id=\"a76fb48\" data-element_type=\"container\" data-e-type=\"container\">\n\t\t<div class=\"elementor-element elementor-element-1158c5f e-con-full e-flex e-con e-child\" data-id=\"1158c5f\" data-element_type=\"container\" data-e-type=\"container\">\n\t\t<div class=\"elementor-element elementor-element-d3a3cbf e-con-full e-flex e-con e-child\" data-id=\"d3a3cbf\" data-element_type=\"container\" data-e-type=\"container\">\n\t\t\t\t<div class=\"elementor-element elementor-element-b8e1e02 elementor-widget elementor-widget-heading\" data-id=\"b8e1e02\" data-element_type=\"widget\" data-e-type=\"widget\" data-widget_type=\"heading.default\">\n\t\t\t\t\t<h2 class=\"elementor-heading-title elementor-size-default\">Kompleksowe podej\u015bcie do realizacji projektu<\/h2>\t\t\t\t<\/div>\n\t\t\t\t<\/div>\n\t\t<div class=\"elementor-element elementor-element-d769fc5 e-con-full e-flex e-con e-child\" data-id=\"d769fc5\" data-element_type=\"container\" data-e-type=\"container\">\n\t\t\t\t<div class=\"elementor-element elementor-element-36fdc8e elementor-widget elementor-widget-text-editor\" data-id=\"36fdc8e\" data-element_type=\"widget\" data-e-type=\"widget\" data-widget_type=\"text-editor.default\">\n\t\t\t\t\t\t\t\t\t<p>Wa\u017cnym elementem struktury Brenal jest dzia\u0142 realizacji budowlanych z siedzib\u0105 w Lublinie, kt\u00f3ry uzupe\u0142nia nasze dzia\u0142ania in\u017cynieryjne. Dzi\u0119ki temu mo\u017cemy realizowa\u0107 projekty w kompleksowym modelu generalnego wykonawstwa, od prac budowlanych i instalacji procesowych a\u017c po ko\u0144cowy rozruch, zapewniaj\u0105c sp\u00f3jno\u015b\u0107 oraz najwy\u017csz\u0105 jako\u015b\u0107 na ka\u017cdym etapie realizacji.<\/p>\t\t\t\t\t\t\t\t<\/div>\n\t\t\t\t<\/div>\n\t\t\t\t<\/div>\n\t\t<div class=\"elementor-element elementor-element-b3bf13e e-con-full e-flex e-con e-child\" data-id=\"b3bf13e\" data-element_type=\"container\" data-e-type=\"container\">\n\t\t\t\t<\/div>\n\t\t\t\t<\/div>\n\t\t\t\t<div class=\"elementor-element elementor-element-1fd3590 elementor-widget elementor-widget-spacer\" data-id=\"1fd3590\" data-element_type=\"widget\" data-e-type=\"widget\" data-widget_type=\"spacer.default\">\n\t\t\t\t\t\t\t<div class=\"elementor-spacer\">\n\t\t\t<div class=\"elementor-spacer-inner\"><\/div>\n\t\t<\/div>\n\t\t\t\t\t\t<\/div>\n\t\t\t\t\t<\/div>\n\t\t\t\t<\/div>\n\t\t\t\t<\/div>","protected":false},"excerpt":{"rendered":"<p>A clear and transparent structure Brenal is a family-owned company whose organizational structure supports day to day cooperation and efficient decision-making. From the very beginning, we have focused on a clear division of roles and responsibilities, enabling our teams to work effectively and in a well-organized manner. This approach provides stability for both our employees [&hellip;]<\/p>\n","protected":false},"author":1,"featured_media":0,"parent":0,"menu_order":0,"comment_status":"closed","ping_status":"closed","template":"","meta":{"footnotes":""},"class_list":["post-1035","page","type-page","status-publish","hentry"],"_links":{"self":[{"href":"https:\/\/brenal.com\/pl\/wp-json\/wp\/v2\/pages\/1035","targetHints":{"allow":["GET"]}}],"collection":[{"href":"https:\/\/brenal.com\/pl\/wp-json\/wp\/v2\/pages"}],"about":[{"href":"https:\/\/brenal.com\/pl\/wp-json\/wp\/v2\/types\/page"}],"author":[{"embeddable":true,"href":"https:\/\/brenal.com\/pl\/wp-json\/wp\/v2\/users\/1"}],"replies":[{"embeddable":true,"href":"https:\/\/brenal.com\/pl\/wp-json\/wp\/v2\/comments?post=1035"}],"version-history":[{"count":25,"href":"https:\/\/brenal.com\/pl\/wp-json\/wp\/v2\/pages\/1035\/revisions"}],"predecessor-version":[{"id":1065,"href":"https:\/\/brenal.com\/pl\/wp-json\/wp\/v2\/pages\/1035\/revisions\/1065"}],"wp:attachment":[{"href":"https:\/\/brenal.com\/pl\/wp-json\/wp\/v2\/media?parent=1035"}],"curies":[{"name":"wp","href":"https:\/\/api.w.org\/{rel}","templated":true}]}}